{"id":2690,"date":"2025-01-20T11:02:32","date_gmt":"2025-01-20T10:02:32","guid":{"rendered":"https:\/\/www.asv-gutfang.de\/wp\/?page_id=2690"},"modified":"2025-01-20T11:13:46","modified_gmt":"2025-01-20T10:13:46","slug":"haddorfer-see-11-01-2025","status":"publish","type":"page","link":"https:\/\/www.asv-gutfang.de\/wp\/haddorfer-see-11-01-2025\/","title":{"rendered":"Haddorfer See (11.01.2025)"},"content":{"rendered":"\n<p><strong>1. Arbeitseinsatz 2025<\/strong><br \/>\u201eGut Holz\u201c am Haddorfer See<\/p>\n<p><br \/>Nebligtr\u00fcbes Wetter und Lufttemperatur von 2 Grad &#8211; genau das<br \/>richtige Wetter f\u00fcr den Arbeitseinsatz am Haddorfer See unter dem<br \/>Motto: \u201eEntweder malochen oder frieren\u201c.<br \/>Neun \u201eharte Hunde\u201c hatten sich auf gemacht, um gezielte Entholzungsma\u00dfnahmen<br \/>durchzuf\u00fchren, damit zuk\u00fcnftig auch wieder Gemeinschaftsangeln<br \/>am See stattfinden k\u00f6nnen.<\/p>\n<p>\u00a0<\/p>\n<p><img loading=\"lazy\" decoding=\"async\" class=\"aligncenter size-large wp-image-2696\" src=\"https:\/\/www.asv-gutfang.de\/wp\/wp-content\/uploads\/2025\/01\/1_Long-Range-Saege-1024x638.jpg\" alt=\"\" width=\"620\" height=\"386\" srcset=\"https:\/\/www.asv-gutfang.de\/wp\/wp-content\/uploads\/2025\/01\/1_Long-Range-Saege-1024x638.jpg 1024w, https:\/\/www.asv-gutfang.de\/wp\/wp-content\/uploads\/2025\/01\/1_Long-Range-Saege-300x187.jpg 300w, https:\/\/www.asv-gutfang.de\/wp\/wp-content\/uploads\/2025\/01\/1_Long-Range-Saege-768x478.jpg 768w, https:\/\/www.asv-gutfang.de\/wp\/wp-content\/uploads\/2025\/01\/1_Long-Range-Saege-973x606.jpg 973w, https:\/\/www.asv-gutfang.de\/wp\/wp-content\/uploads\/2025\/01\/1_Long-Range-Saege-508x316.jpg 508w, https:\/\/www.asv-gutfang.de\/wp\/wp-content\/uploads\/2025\/01\/1_Long-Range-Saege.jpg 1063w\" sizes=\"(max-width: 620px) 100vw, 620px\" \/><\/p>\n\n\n\n\n\n<p>1 Wo keine Kettens\u00e4ge mehr hinkommt, muss die Long Range-S\u00e4ge ran. Mit umweltfreundlicher Muskelkraft k\u00f6nnen so die st\u00f6renden \u00c4ste, die immer nach unseren Schn\u00fcren schnappen, gekappt werden.<\/p>\n<p>\u00a0<\/p>\n<p><img loading=\"lazy\" decoding=\"async\" class=\"aligncenter size-large wp-image-2697\" src=\"https:\/\/www.asv-gutfang.de\/wp\/wp-content\/uploads\/2025\/01\/2-Kopfrutenangler-1024x615.jpg\" alt=\"\" width=\"620\" height=\"372\" srcset=\"https:\/\/www.asv-gutfang.de\/wp\/wp-content\/uploads\/2025\/01\/2-Kopfrutenangler-1024x615.jpg 1024w, https:\/\/www.asv-gutfang.de\/wp\/wp-content\/uploads\/2025\/01\/2-Kopfrutenangler-300x180.jpg 300w, https:\/\/www.asv-gutfang.de\/wp\/wp-content\/uploads\/2025\/01\/2-Kopfrutenangler-768x461.jpg 768w, https:\/\/www.asv-gutfang.de\/wp\/wp-content\/uploads\/2025\/01\/2-Kopfrutenangler-973x584.jpg 973w, https:\/\/www.asv-gutfang.de\/wp\/wp-content\/uploads\/2025\/01\/2-Kopfrutenangler-508x305.jpg 508w, https:\/\/www.asv-gutfang.de\/wp\/wp-content\/uploads\/2025\/01\/2-Kopfrutenangler.jpg 1063w\" sizes=\"(max-width: 620px) 100vw, 620px\" \/><\/p>\n\n\n\n<p>2 Der Kollege angelt sonst viel mit der Kopfrute. Das ge\u00fcbte Handling kam ihm hier zugute.<\/p>\n<p>\u00a0<\/p>\n<p><img loading=\"lazy\" decoding=\"async\" class=\"aligncenter size-full wp-image-2698\" src=\"https:\/\/www.asv-gutfang.de\/wp\/wp-content\/uploads\/2025\/01\/3-Dirigent.jpg\" alt=\"\" width=\"1024\" height=\"711\" srcset=\"https:\/\/www.asv-gutfang.de\/wp\/wp-content\/uploads\/2025\/01\/3-Dirigent.jpg 1024w, https:\/\/www.asv-gutfang.de\/wp\/wp-content\/uploads\/2025\/01\/3-Dirigent-300x208.jpg 300w, https:\/\/www.asv-gutfang.de\/wp\/wp-content\/uploads\/2025\/01\/3-Dirigent-768x533.jpg 768w, https:\/\/www.asv-gutfang.de\/wp\/wp-content\/uploads\/2025\/01\/3-Dirigent-973x676.jpg 973w, https:\/\/www.asv-gutfang.de\/wp\/wp-content\/uploads\/2025\/01\/3-Dirigent-508x353.jpg 508w\" sizes=\"(max-width: 1024px) 100vw, 1024px\" \/><\/p>\n\n\n\n<p>3 Der Dirigent und seine Ein-Mann-Radladerkapelle. Filigrane Erdarbeiten lassen sich am Besten mit einem Einweiser erledigen.<\/p>\n<p><img loading=\"lazy\" decoding=\"async\" class=\"aligncenter size-full wp-image-2699\" src=\"https:\/\/www.asv-gutfang.de\/wp\/wp-content\/uploads\/2025\/01\/4-Blitztreffer.jpg\" alt=\"\" width=\"682\" height=\"1024\" srcset=\"https:\/\/www.asv-gutfang.de\/wp\/wp-content\/uploads\/2025\/01\/4-Blitztreffer.jpg 682w, https:\/\/www.asv-gutfang.de\/wp\/wp-content\/uploads\/2025\/01\/4-Blitztreffer-200x300.jpg 200w, https:\/\/www.asv-gutfang.de\/wp\/wp-content\/uploads\/2025\/01\/4-Blitztreffer-508x763.jpg 508w\" sizes=\"(max-width: 682px) 100vw, 682px\" \/><\/p>\n\n\n\n<p>4 Blitzschaden. Der Restbaum war f\u00fcr nichts mehr gut und wurde abgeschnitten &#8230;<\/p>\n\n\n\n<p><img loading=\"lazy\" decoding=\"async\" class=\"aligncenter size-full wp-image-2700\" src=\"https:\/\/www.asv-gutfang.de\/wp\/wp-content\/uploads\/2025\/01\/5-Chainsaw-Artist.jpg\" alt=\"\" width=\"866\" height=\"798\" srcset=\"https:\/\/www.asv-gutfang.de\/wp\/wp-content\/uploads\/2025\/01\/5-Chainsaw-Artist.jpg 866w, https:\/\/www.asv-gutfang.de\/wp\/wp-content\/uploads\/2025\/01\/5-Chainsaw-Artist-300x276.jpg 300w, https:\/\/www.asv-gutfang.de\/wp\/wp-content\/uploads\/2025\/01\/5-Chainsaw-Artist-768x708.jpg 768w, https:\/\/www.asv-gutfang.de\/wp\/wp-content\/uploads\/2025\/01\/5-Chainsaw-Artist-508x468.jpg 508w\" sizes=\"(max-width: 866px) 100vw, 866px\" \/><\/p>\n\n\n\n<p>5&#8230; von diesem Chainsaw Artist. Vorschriftsm\u00e4\u00dfig ausgestattet mit Holzf\u00e4llermontur und einem Benzinbiber inl\u00e4ndischer Ingenieurskunst.<\/p>\n<p>\u00a0<\/p>\n<p><img loading=\"lazy\" decoding=\"async\" class=\"aligncenter size-full wp-image-2701\" src=\"https:\/\/www.asv-gutfang.de\/wp\/wp-content\/uploads\/2025\/01\/6-Abtransport-Blitzbaum.jpg\" alt=\"\" width=\"1024\" height=\"673\" srcset=\"https:\/\/www.asv-gutfang.de\/wp\/wp-content\/uploads\/2025\/01\/6-Abtransport-Blitzbaum.jpg 1024w, https:\/\/www.asv-gutfang.de\/wp\/wp-content\/uploads\/2025\/01\/6-Abtransport-Blitzbaum-300x197.jpg 300w, https:\/\/www.asv-gutfang.de\/wp\/wp-content\/uploads\/2025\/01\/6-Abtransport-Blitzbaum-768x505.jpg 768w, https:\/\/www.asv-gutfang.de\/wp\/wp-content\/uploads\/2025\/01\/6-Abtransport-Blitzbaum-973x639.jpg 973w, https:\/\/www.asv-gutfang.de\/wp\/wp-content\/uploads\/2025\/01\/6-Abtransport-Blitzbaum-508x334.jpg 508w\" sizes=\"(max-width: 1024px) 100vw, 1024px\" \/><\/p>\n\n\n\n<p>6 Die ins Wasser gest\u00fcrzte Krone und der Stamm wurden mittels Radlader zum S\u00e4geplatz gezogen und zerteilt.<\/p>\n<p>\u00a0<\/p>\n<p><img loading=\"lazy\" decoding=\"async\" class=\"aligncenter size-full wp-image-2702\" src=\"https:\/\/www.asv-gutfang.de\/wp\/wp-content\/uploads\/2025\/01\/7-stuerzende-Birke.jpg\" alt=\"\" width=\"682\" height=\"1024\" srcset=\"https:\/\/www.asv-gutfang.de\/wp\/wp-content\/uploads\/2025\/01\/7-stuerzende-Birke.jpg 682w, https:\/\/www.asv-gutfang.de\/wp\/wp-content\/uploads\/2025\/01\/7-stuerzende-Birke-200x300.jpg 200w, https:\/\/www.asv-gutfang.de\/wp\/wp-content\/uploads\/2025\/01\/7-stuerzende-Birke-508x763.jpg 508w\" sizes=\"(max-width: 682px) 100vw, 682px\" \/><\/p>\n\n\n\n<p>7 Auch diese abgestorbene Birke sollte nicht l\u00e4nger als Unfallrisiko stehen bleiben. Hier st\u00fcrzt sie gerade ins Wasser &#8230;<\/p>\n<p>\u00a0<\/p>\n<p><img loading=\"lazy\" decoding=\"async\" class=\"aligncenter size-large wp-image-2703\" src=\"https:\/\/www.asv-gutfang.de\/wp\/wp-content\/uploads\/2025\/01\/8-Birke-Abtransport-1024x613.jpg\" alt=\"\" width=\"620\" height=\"371\" srcset=\"https:\/\/www.asv-gutfang.de\/wp\/wp-content\/uploads\/2025\/01\/8-Birke-Abtransport-1024x613.jpg 1024w, https:\/\/www.asv-gutfang.de\/wp\/wp-content\/uploads\/2025\/01\/8-Birke-Abtransport-300x179.jpg 300w, https:\/\/www.asv-gutfang.de\/wp\/wp-content\/uploads\/2025\/01\/8-Birke-Abtransport-768x459.jpg 768w, https:\/\/www.asv-gutfang.de\/wp\/wp-content\/uploads\/2025\/01\/8-Birke-Abtransport-973x582.jpg 973w, https:\/\/www.asv-gutfang.de\/wp\/wp-content\/uploads\/2025\/01\/8-Birke-Abtransport-508x304.jpg 508w, https:\/\/www.asv-gutfang.de\/wp\/wp-content\/uploads\/2025\/01\/8-Birke-Abtransport.jpg 1063w\" sizes=\"(max-width: 620px) 100vw, 620px\" \/><\/p>\n\n\n\n<p>8&#8230; um 5 Minuten sp\u00e4ter an Land gezogen zu werden. Zu Zeiten der Vereinsgr\u00fcnder w\u00e4ren diese Arbeiten noch mit reiner Muskelkraft erledigt worden. So ein Radlader ist halt doch ein praktisches Werkzeug &#8230;<\/p>\n<p>\u00a0<\/p>\n<p><img loading=\"lazy\" decoding=\"async\" class=\"aligncenter size-full wp-image-2704\" src=\"https:\/\/www.asv-gutfang.de\/wp\/wp-content\/uploads\/2025\/01\/9-Kaffeetisch-Radlader.jpg\" alt=\"\" width=\"1024\" height=\"694\" srcset=\"https:\/\/www.asv-gutfang.de\/wp\/wp-content\/uploads\/2025\/01\/9-Kaffeetisch-Radlader.jpg 1024w, https:\/\/www.asv-gutfang.de\/wp\/wp-content\/uploads\/2025\/01\/9-Kaffeetisch-Radlader-300x203.jpg 300w, https:\/\/www.asv-gutfang.de\/wp\/wp-content\/uploads\/2025\/01\/9-Kaffeetisch-Radlader-768x521.jpg 768w, https:\/\/www.asv-gutfang.de\/wp\/wp-content\/uploads\/2025\/01\/9-Kaffeetisch-Radlader-973x659.jpg 973w, https:\/\/www.asv-gutfang.de\/wp\/wp-content\/uploads\/2025\/01\/9-Kaffeetisch-Radlader-508x344.jpg 508w\" sizes=\"(max-width: 1024px) 100vw, 1024px\" \/><\/p>\n\n\n\n<p>9&#8230; der auch sehr vielseitig eingesetzt werden kann. Hier mal als z\u00fcnftiger Kaffeetisch.<\/p>\n<p>\u00a0<\/p>\n<p><img loading=\"lazy\" decoding=\"async\" class=\"aligncenter size-full wp-image-2705\" src=\"https:\/\/www.asv-gutfang.de\/wp\/wp-content\/uploads\/2025\/01\/10-richtige-Worscht.jpg\" alt=\"\" width=\"1024\" height=\"682\" srcset=\"https:\/\/www.asv-gutfang.de\/wp\/wp-content\/uploads\/2025\/01\/10-richtige-Worscht.jpg 1024w, https:\/\/www.asv-gutfang.de\/wp\/wp-content\/uploads\/2025\/01\/10-richtige-Worscht-300x200.jpg 300w, https:\/\/www.asv-gutfang.de\/wp\/wp-content\/uploads\/2025\/01\/10-richtige-Worscht-768x512.jpg 768w, https:\/\/www.asv-gutfang.de\/wp\/wp-content\/uploads\/2025\/01\/10-richtige-Worscht-973x648.jpg 973w, https:\/\/www.asv-gutfang.de\/wp\/wp-content\/uploads\/2025\/01\/10-richtige-Worscht-508x338.jpg 508w\" sizes=\"(max-width: 1024px) 100vw, 1024px\" \/><\/p>\n\n\n\n<p>10 Und zum Arbeitsende gabs f\u00fcr jeden nat\u00fcrlich noch `ne richtige Worscht auf die Hand \u2013 oder auch zwei, oder drei.<br \/>Die arbeitsw\u00fctigen Kollegen haben unterm Strich zwar eine Menge geschafft, aber doch noch ausreichend Arbeit f\u00fcr den n\u00e4chsten Arbeitseinsatz \u00fcbrig gelassen.<br \/>Wenn dann noch ein paar helfende H\u00e4nde mehr dabei sind, nur zu. Geeignetes Werkzeug, ausreichende Verpflegung und angenehme Gesellschaft werden zugesichert.<\/p>\n","protected":false},"excerpt":{"rendered":"<p>1. Arbeitseinsatz 2025\u201eGut Holz\u201c am Haddorfer See Nebligtr\u00fcbes Wetter und Lufttemperatur von 2 Grad &#8211; genau dasrichtige Wetter f\u00fcr den Arbeitseinsatz am Haddorfer See unter demMotto: \u201eEntweder malochen&#8230;<\/p>\n","protected":false},"author":1,"featured_media":0,"parent":0,"menu_order":0,"comment_status":"closed","ping_status":"closed","template":"","meta":{"_bbp_topic_count":0,"_bbp_reply_count":0,"_bbp_total_topic_count":0,"_bbp_total_reply_count":0,"_bbp_voice_count":0,"_bbp_anonymous_reply_count":0,"_bbp_topic_count_hidden":0,"_bbp_reply_count_hidden":0,"_bbp_forum_subforum_count":0,"footnotes":""},"_links":{"self":[{"href":"https:\/\/www.asv-gutfang.de\/wp\/wp-json\/wp\/v2\/pages\/2690"}],"collection":[{"href":"https:\/\/www.asv-gutfang.de\/wp\/wp-json\/wp\/v2\/pages"}],"about":[{"href":"https:\/\/www.asv-gutfang.de\/wp\/wp-json\/wp\/v2\/types\/page"}],"author":[{"embeddable":true,"href":"https:\/\/www.asv-gutfang.de\/wp\/wp-json\/wp\/v2\/users\/1"}],"replies":[{"embeddable":true,"href":"https:\/\/www.asv-gutfang.de\/wp\/wp-json\/wp\/v2\/comments?post=2690"}],"version-history":[{"count":2,"href":"https:\/\/www.asv-gutfang.de\/wp\/wp-json\/wp\/v2\/pages\/2690\/revisions"}],"predecessor-version":[{"id":2706,"href":"https:\/\/www.asv-gutfang.de\/wp\/wp-json\/wp\/v2\/pages\/2690\/revisions\/2706"}],"wp:attachment":[{"href":"https:\/\/www.asv-gutfang.de\/wp\/wp-json\/wp\/v2\/media?parent=2690"}],"curies":[{"name":"wp","href":"https:\/\/api.w.org\/{rel}","templated":true}]}}