{"id":219,"date":"2014-12-18T18:21:11","date_gmt":"2014-12-18T17:21:11","guid":{"rendered":"http:\/\/www.asv-gutfang.de\/wp\/?page_id=219"},"modified":"2024-05-06T13:22:47","modified_gmt":"2024-05-06T12:22:47","slug":"vechte","status":"publish","type":"page","link":"https:\/\/www.asv-gutfang.de\/wp\/unsere-gewaesser\/vechte\/","title":{"rendered":"Vechte"},"content":{"rendered":"<p style=\"text-align: justify;\">Die Vechte ist ein durch Sand und Lehm gepr\u00e4gter Tieflandfluss. Er entspringt am Nordfuss der Baumberge mit dem Zusammenfluss des Rockelschen M\u00fchlenbachs und dem Burloer Bachs. Bis zum Ortskern vom Metelen ist die Vechte noch naturbelassen. Ab Metelen wurde die Vechte Mitte des 20. Jahrhunderts begradigt. In Langenhorst wird die Vechte von einem Stauwehr angestaut, nach dem es etwa 2,5 Meter abw\u00e4rts geht. Das Stauwasser speist eine Turbine zur Stromerzeugung \u2013 eine Fischtreppe ist in Planung. Unser Fischrecht endet am Rande von Rothenberge.<\/p>\n<p style=\"text-align: justify;\">Bevor der ASV \u201eGut Fang\u201c Langenhorst den Vechteverlauf im Bereich der Stadt Ochtrup nutzt, findet man in Richtung S\u00fcden die Angelvereine Metelen, Sch\u00f6ppingen und Eggerode. Nach Langenhorst hat sich auch der Wettringer Angelverein der Vechtegemeinschaft angeschlossen. Seit 2016 befischen diese f\u00fcnf Vereine diesen Abschnitt der Vechte gemeinsam in einem Vechteverbund. Das bedeutet, dass Vereinsmitglieder (keine Gastkarteninhaber!) des ASV \u201eGut Fang\u201c Langenhorst auch die Gew\u00e4sserabschnitte der vier anderen Vereine mit befischen k\u00f6nnen, ohne eine Gastkarte kaufen zu m\u00fcssen. F\u00fcr den Vechtebreich der Angelvereine Neuenhaus und Nordhorn stehen Tauschkarten zur Verf\u00fcgung.<\/p>\n<p style=\"text-align: justify;\">Wir hoffen, dass in Zukunft die gesamte Vechte in Deutschland von den Anliegervereinen gemeinsam befischt werden kann. Dies w\u00fcrde den Austausch und den Zusammenhalt unter den Vereinen sicherlich positiv beeinflussen.<\/p>\n<p>Der LFV Westfalen und Lippe e.V. ist Projektpartner des grenz\u00fcberschreitenden Monitorings<br \/>\u201eSwimway Vecht\u201c. Das Projekt l\u00e4uft noch bis zum Jahr 2021.<\/p>\n<p><a href=\"http:\/\/www.asv-gutfang.de\/media\/PDF\/Besenderte%20Aale%20in%20der%20Vechte.pdf\">Besenderte Aale in der Vechte.pdf<\/a><\/p>\n<p style=\"text-align: center;\"><a title=\"Erlaubisskarten\" href=\"https:\/\/www.asv-gutfang.de\/wp\/wissenswertes\/erlaubisskarten\/\">Tageskarten kann man hier kaufen<\/a><\/p>\n<p style=\"text-align: center;\">\u00a0<\/p>\n\n\n<figure class=\"wp-block-image size-full\"><a href=\"https:\/\/www.asv-gutfang.de\/wp\/wp-content\/uploads\/2024\/05\/k-Beckers-See-VechteSchulteichHaddorf-016.jpg\"><img loading=\"lazy\" decoding=\"async\" width=\"1024\" height=\"768\" src=\"https:\/\/www.asv-gutfang.de\/wp\/wp-content\/uploads\/2024\/05\/k-Beckers-See-VechteSchulteichHaddorf-016.jpg\" alt=\"\" class=\"wp-image-1571\" srcset=\"https:\/\/www.asv-gutfang.de\/wp\/wp-content\/uploads\/2024\/05\/k-Beckers-See-VechteSchulteichHaddorf-016.jpg 1024w, https:\/\/www.asv-gutfang.de\/wp\/wp-content\/uploads\/2024\/05\/k-Beckers-See-VechteSchulteichHaddorf-016-300x225.jpg 300w, https:\/\/www.asv-gutfang.de\/wp\/wp-content\/uploads\/2024\/05\/k-Beckers-See-VechteSchulteichHaddorf-016-768x576.jpg 768w, https:\/\/www.asv-gutfang.de\/wp\/wp-content\/uploads\/2024\/05\/k-Beckers-See-VechteSchulteichHaddorf-016-973x730.jpg 973w, https:\/\/www.asv-gutfang.de\/wp\/wp-content\/uploads\/2024\/05\/k-Beckers-See-VechteSchulteichHaddorf-016-508x381.jpg 508w\" sizes=\"(max-width: 1024px) 100vw, 1024px\" \/><\/a><\/figure>\n\n\n\n<figure class=\"wp-block-image size-full is-resized\"><a href=\"https:\/\/www.asv-gutfang.de\/wp\/wp-content\/uploads\/2024\/05\/k-Beckers-See-VechteSchulteichHaddorf-017.jpg\"><img loading=\"lazy\" decoding=\"async\" width=\"1024\" height=\"768\" src=\"https:\/\/www.asv-gutfang.de\/wp\/wp-content\/uploads\/2024\/05\/k-Beckers-See-VechteSchulteichHaddorf-017.jpg\" alt=\"\" class=\"wp-image-1572\" style=\"width:619px;height:auto\" srcset=\"https:\/\/www.asv-gutfang.de\/wp\/wp-content\/uploads\/2024\/05\/k-Beckers-See-VechteSchulteichHaddorf-017.jpg 1024w, https:\/\/www.asv-gutfang.de\/wp\/wp-content\/uploads\/2024\/05\/k-Beckers-See-VechteSchulteichHaddorf-017-300x225.jpg 300w, https:\/\/www.asv-gutfang.de\/wp\/wp-content\/uploads\/2024\/05\/k-Beckers-See-VechteSchulteichHaddorf-017-768x576.jpg 768w, https:\/\/www.asv-gutfang.de\/wp\/wp-content\/uploads\/2024\/05\/k-Beckers-See-VechteSchulteichHaddorf-017-973x730.jpg 973w, https:\/\/www.asv-gutfang.de\/wp\/wp-content\/uploads\/2024\/05\/k-Beckers-See-VechteSchulteichHaddorf-017-508x381.jpg 508w\" sizes=\"(max-width: 1024px) 100vw, 1024px\" \/><\/a><\/figure>\n\n\n\n<figure class=\"wp-block-image size-full\"><a href=\"https:\/\/www.asv-gutfang.de\/wp\/wp-content\/uploads\/2024\/05\/k-Beckers-See-VechteSchulteichHaddorf-018.jpg\"><img loading=\"lazy\" decoding=\"async\" width=\"1024\" height=\"768\" src=\"https:\/\/www.asv-gutfang.de\/wp\/wp-content\/uploads\/2024\/05\/k-Beckers-See-VechteSchulteichHaddorf-018.jpg\" alt=\"\" class=\"wp-image-1573\" srcset=\"https:\/\/www.asv-gutfang.de\/wp\/wp-content\/uploads\/2024\/05\/k-Beckers-See-VechteSchulteichHaddorf-018.jpg 1024w, https:\/\/www.asv-gutfang.de\/wp\/wp-content\/uploads\/2024\/05\/k-Beckers-See-VechteSchulteichHaddorf-018-300x225.jpg 300w, https:\/\/www.asv-gutfang.de\/wp\/wp-content\/uploads\/2024\/05\/k-Beckers-See-VechteSchulteichHaddorf-018-768x576.jpg 768w, https:\/\/www.asv-gutfang.de\/wp\/wp-content\/uploads\/2024\/05\/k-Beckers-See-VechteSchulteichHaddorf-018-973x730.jpg 973w, https:\/\/www.asv-gutfang.de\/wp\/wp-content\/uploads\/2024\/05\/k-Beckers-See-VechteSchulteichHaddorf-018-508x381.jpg 508w\" sizes=\"(max-width: 1024px) 100vw, 1024px\" \/><\/a><\/figure>\n\n\n\n<figure class=\"wp-block-image size-full\"><a href=\"https:\/\/www.asv-gutfang.de\/wp\/wp-content\/uploads\/2024\/05\/k-Beckers-See-VechteSchulteichHaddorf-019.jpg\"><img loading=\"lazy\" decoding=\"async\" width=\"1024\" height=\"768\" src=\"https:\/\/www.asv-gutfang.de\/wp\/wp-content\/uploads\/2024\/05\/k-Beckers-See-VechteSchulteichHaddorf-019.jpg\" alt=\"\" class=\"wp-image-1574\" srcset=\"https:\/\/www.asv-gutfang.de\/wp\/wp-content\/uploads\/2024\/05\/k-Beckers-See-VechteSchulteichHaddorf-019.jpg 1024w, https:\/\/www.asv-gutfang.de\/wp\/wp-content\/uploads\/2024\/05\/k-Beckers-See-VechteSchulteichHaddorf-019-300x225.jpg 300w, https:\/\/www.asv-gutfang.de\/wp\/wp-content\/uploads\/2024\/05\/k-Beckers-See-VechteSchulteichHaddorf-019-768x576.jpg 768w, https:\/\/www.asv-gutfang.de\/wp\/wp-content\/uploads\/2024\/05\/k-Beckers-See-VechteSchulteichHaddorf-019-973x730.jpg 973w, https:\/\/www.asv-gutfang.de\/wp\/wp-content\/uploads\/2024\/05\/k-Beckers-See-VechteSchulteichHaddorf-019-508x381.jpg 508w\" sizes=\"(max-width: 1024px) 100vw, 1024px\" \/><\/a><\/figure>\n\n\n\n<figure class=\"wp-block-image size-full\"><a href=\"https:\/\/www.asv-gutfang.de\/wp\/wp-content\/uploads\/2024\/05\/k-Beckers-See-VechteSchulteichHaddorf-020.jpg\"><img loading=\"lazy\" decoding=\"async\" width=\"1024\" height=\"768\" src=\"https:\/\/www.asv-gutfang.de\/wp\/wp-content\/uploads\/2024\/05\/k-Beckers-See-VechteSchulteichHaddorf-020.jpg\" alt=\"\" class=\"wp-image-1576\" srcset=\"https:\/\/www.asv-gutfang.de\/wp\/wp-content\/uploads\/2024\/05\/k-Beckers-See-VechteSchulteichHaddorf-020.jpg 1024w, https:\/\/www.asv-gutfang.de\/wp\/wp-content\/uploads\/2024\/05\/k-Beckers-See-VechteSchulteichHaddorf-020-300x225.jpg 300w, https:\/\/www.asv-gutfang.de\/wp\/wp-content\/uploads\/2024\/05\/k-Beckers-See-VechteSchulteichHaddorf-020-768x576.jpg 768w, https:\/\/www.asv-gutfang.de\/wp\/wp-content\/uploads\/2024\/05\/k-Beckers-See-VechteSchulteichHaddorf-020-973x730.jpg 973w, https:\/\/www.asv-gutfang.de\/wp\/wp-content\/uploads\/2024\/05\/k-Beckers-See-VechteSchulteichHaddorf-020-508x381.jpg 508w\" sizes=\"(max-width: 1024px) 100vw, 1024px\" \/><\/a><\/figure>\n\n\n\n<figure class=\"wp-block-image size-full\"><a href=\"https:\/\/www.asv-gutfang.de\/wp\/wp-content\/uploads\/2024\/05\/k-Beckers-See-VechteSchulteichHaddorf-021.jpg\"><img loading=\"lazy\" decoding=\"async\" width=\"1024\" height=\"768\" src=\"https:\/\/www.asv-gutfang.de\/wp\/wp-content\/uploads\/2024\/05\/k-Beckers-See-VechteSchulteichHaddorf-021.jpg\" alt=\"\" class=\"wp-image-1577\" srcset=\"https:\/\/www.asv-gutfang.de\/wp\/wp-content\/uploads\/2024\/05\/k-Beckers-See-VechteSchulteichHaddorf-021.jpg 1024w, https:\/\/www.asv-gutfang.de\/wp\/wp-content\/uploads\/2024\/05\/k-Beckers-See-VechteSchulteichHaddorf-021-300x225.jpg 300w, https:\/\/www.asv-gutfang.de\/wp\/wp-content\/uploads\/2024\/05\/k-Beckers-See-VechteSchulteichHaddorf-021-768x576.jpg 768w, https:\/\/www.asv-gutfang.de\/wp\/wp-content\/uploads\/2024\/05\/k-Beckers-See-VechteSchulteichHaddorf-021-973x730.jpg 973w, https:\/\/www.asv-gutfang.de\/wp\/wp-content\/uploads\/2024\/05\/k-Beckers-See-VechteSchulteichHaddorf-021-508x381.jpg 508w\" sizes=\"(max-width: 1024px) 100vw, 1024px\" \/><\/a><\/figure>\n","protected":false},"excerpt":{"rendered":"<p>Die Vechte ist ein durch Sand und Lehm gepr\u00e4gter Tieflandfluss. Er entspringt am Nordfuss der Baumberge mit dem Zusammenfluss des Rockelschen M\u00fchlenbachs und dem Burloer Bachs. Bis zum&#8230;<\/p>\n","protected":false},"author":1,"featured_media":0,"parent":72,"menu_order":3,"comment_status":"closed","ping_status":"closed","template":"","meta":{"_bbp_topic_count":0,"_bbp_reply_count":0,"_bbp_total_topic_count":0,"_bbp_total_reply_count":0,"_bbp_voice_count":0,"_bbp_anonymous_reply_count":0,"_bbp_topic_count_hidden":0,"_bbp_reply_count_hidden":0,"_bbp_forum_subforum_count":0,"footnotes":""},"_links":{"self":[{"href":"https:\/\/www.asv-gutfang.de\/wp\/wp-json\/wp\/v2\/pages\/219"}],"collection":[{"href":"https:\/\/www.asv-gutfang.de\/wp\/wp-json\/wp\/v2\/pages"}],"about":[{"href":"https:\/\/www.asv-gutfang.de\/wp\/wp-json\/wp\/v2\/types\/page"}],"author":[{"embeddable":true,"href":"https:\/\/www.asv-gutfang.de\/wp\/wp-json\/wp\/v2\/users\/1"}],"replies":[{"embeddable":true,"href":"https:\/\/www.asv-gutfang.de\/wp\/wp-json\/wp\/v2\/comments?post=219"}],"version-history":[{"count":12,"href":"https:\/\/www.asv-gutfang.de\/wp\/wp-json\/wp\/v2\/pages\/219\/revisions"}],"predecessor-version":[{"id":1593,"href":"https:\/\/www.asv-gutfang.de\/wp\/wp-json\/wp\/v2\/pages\/219\/revisions\/1593"}],"up":[{"embeddable":true,"href":"https:\/\/www.asv-gutfang.de\/wp\/wp-json\/wp\/v2\/pages\/72"}],"wp:attachment":[{"href":"https:\/\/www.asv-gutfang.de\/wp\/wp-json\/wp\/v2\/media?parent=219"}],"curies":[{"name":"wp","href":"https:\/\/api.w.org\/{rel}","templated":true}]}}